{"id":970,"date":"2022-01-27T19:10:09","date_gmt":"2022-01-27T19:10:09","guid":{"rendered":"https:\/\/industriasosbe.com\/privacy-policies\/"},"modified":"2022-06-03T20:24:49","modified_gmt":"2022-06-03T20:24:49","slug":"privacy-policy","status":"publish","type":"page","link":"https:\/\/industriasosbe.com\/en\/privacy-policy\/","title":{"rendered":"Privacy policies"},"content":{"rendered":"\r\n<h2 class=\"wp-block-heading\">Quienes somos<\/h2>\r\n\r\n\r\n\r\n<p id=\"tw-target-text\" class=\"tw-data-text tw-text-large tw-ta\" dir=\"ltr\" data-placeholder=\"Translation\"><span class=\"Y2IQFc\" lang=\"es\">La direcci\u00f3n de nuestro sitio web es: https:\/\/industriasosbe.com<\/span><\/p>\r\n\r\n\r\n\r\n<h2 class=\"wp-block-heading\">Comentarios<\/h2>\r\n\r\n\r\n\r\n<p id=\"tw-target-text\" class=\"tw-data-text tw-text-large tw-ta\" dir=\"ltr\" data-placeholder=\"Translation\"><span class=\"Y2IQFc\" lang=\"es\">Cuando los visitantes dejan comentarios en el sitio, recopilamos los datos que se muestran en el formulario de comentarios, y tambi\u00e9n la direcci\u00f3n IP del visitante y la cadena del agente de usuario del navegador para ayudar a la detecci\u00f3n de spam.<\/span><\/p>\r\n<p class=\"tw-data-text tw-text-large tw-ta\" dir=\"ltr\" data-placeholder=\"Translation\"><span class=\"Y2IQFc\" lang=\"es\">Se puede proporcionar una cadena an\u00f3nima creada a partir de su direcci\u00f3n de correo electr\u00f3nico (tambi\u00e9n llamada hash) al servicio Gravatar para ver si la est\u00e1 utilizando. La pol\u00edtica de privacidad del servicio Gravatar est\u00e1 disponible aqu\u00ed: https:\/\/automattic.com\/privacy\/. Despu\u00e9s de la aprobaci\u00f3n de su comentario, su foto de perfil es visible para el p\u00fablico en el contexto de su comentario.<\/span><\/p>\r\n\r\n\r\n\r\n<h2 class=\"wp-block-heading\">Cookies<\/h2>\r\n\r\n\r\n\r\n<p id=\"tw-target-text\" class=\"tw-data-text tw-text-large tw-ta\" dir=\"ltr\" data-placeholder=\"Translation\"><span class=\"Y2IQFc\" lang=\"es\">Si deja un comentario en nuestro sitio, puede optar por guardar su nombre, direcci\u00f3n de correo electr\u00f3nico y sitio web en cookies. Estos son para su comodidad, para que no tenga que volver a rellenar sus datos cuando deje otro comentario. Estas cookies tendr\u00e1n una duraci\u00f3n de un a\u00f1o.<\/span><\/p>\r\n<p class=\"tw-data-text tw-text-large tw-ta\" dir=\"ltr\" data-placeholder=\"Translation\"><span class=\"Y2IQFc\" lang=\"es\">Si visita nuestra p\u00e1gina de inicio de sesi\u00f3n, estableceremos una cookie temporal para determinar si su navegador acepta cookies. Esta cookie no contiene datos personales y se descarta cuando cierra su navegador.<\/span><\/p>\r\n<p class=\"tw-data-text tw-text-large tw-ta\" dir=\"ltr\" data-placeholder=\"Translation\"><span class=\"Y2IQFc\" lang=\"es\">Cuando inicie sesi\u00f3n, tambi\u00e9n configuraremos varias cookies para guardar su informaci\u00f3n de inicio de sesi\u00f3n y sus opciones de visualizaci\u00f3n de pantalla. Las cookies de inicio de sesi\u00f3n duran dos d\u00edas y las cookies de opciones de pantalla duran un a\u00f1o. Si selecciona &#8220;Recordarme&#8221;, su inicio de sesi\u00f3n persistir\u00e1 durante dos semanas. Si cierra sesi\u00f3n en su cuenta, se eliminar\u00e1n las cookies de inicio de sesi\u00f3n.<\/span><\/p>\r\n<p class=\"tw-data-text tw-text-large tw-ta\" dir=\"ltr\" data-placeholder=\"Translation\"><span class=\"Y2IQFc\" lang=\"es\">Si edita o publica un art\u00edculo, se guardar\u00e1 una cookie adicional en su navegador. Esta cookie no incluye datos personales y simplemente indica el ID de publicaci\u00f3n del art\u00edculo que acaba de editar. Caduca despu\u00e9s de 1 d\u00eda.<\/span><\/p>\r\n\r\n\r\n\r\n<h2 class=\"wp-block-heading\">Contenido embebido de otras p\u00e1ginas<\/h2>\r\n\r\n\r\n\r\n<p id=\"tw-target-text\" class=\"tw-data-text tw-text-large tw-ta\" dir=\"ltr\" data-placeholder=\"Translation\"><span class=\"Y2IQFc\" lang=\"es\">Los art\u00edculos en este sitio pueden incluir contenido incrustado (por ejemplo, videos, im\u00e1genes, art\u00edculos, etc.). El contenido incrustado de otros sitios web se comporta exactamente de la misma manera que si el visitante hubiera visitado el otro sitio web.<\/span><\/p>\r\n<p class=\"tw-data-text tw-text-large tw-ta\" dir=\"ltr\" data-placeholder=\"Translation\"><span class=\"Y2IQFc\" lang=\"es\">Estos sitios web pueden recopilar datos sobre usted, usar cookies, incrustar un seguimiento adicional de terceros y monitorear su interacci\u00f3n con ese contenido incrustado, incluido el seguimiento de su interacci\u00f3n con el contenido incrustado si tiene una cuenta y ha iniciado sesi\u00f3n en ese sitio web.<\/span><\/p>\r\n\r\n\r\n\r\n<h2 class=\"wp-block-heading\">Con qui\u00e9n compartimos tu data<\/h2>\r\n\r\n\r\n\r\n<p>Tu informaci\u00f3n es compartida de manera an\u00f3nima con las herramientas de Google para mejorar la relevancia del contenido que te mostramos. No vendemos tu informaci\u00f3n a terceros.<\/p>\r\n\r\n\r\n\r\n<h2 class=\"wp-block-heading\">Cu\u00e1nto tiempo compartimos tu data<\/h2>\r\n\r\n\r\n\r\n<p id=\"tw-target-text\" class=\"tw-data-text tw-text-large tw-ta\" dir=\"ltr\" data-placeholder=\"Translation\"><span class=\"Y2IQFc\" lang=\"es\">Si deja un comentario, el comentario y sus metadatos se conservan indefinidamente. Esto es para que podamos reconocer y aprobar cualquier comentario de seguimiento autom\u00e1ticamente en lugar de mantenerlos en una cola de moderaci\u00f3n.<\/span><\/p>\r\n<p class=\"tw-data-text tw-text-large tw-ta\" dir=\"ltr\" data-placeholder=\"Translation\"><span class=\"Y2IQFc\" lang=\"es\">Para los usuarios que se registran en nuestro sitio web (si los hay), tambi\u00e9n almacenamos la informaci\u00f3n personal que proporcionan en su perfil de usuario. Todos los usuarios pueden ver, editar o eliminar su informaci\u00f3n personal en cualquier momento (excepto que no pueden cambiar su nombre de usuario). Los administradores del sitio web tambi\u00e9n pueden ver y editar esa informaci\u00f3n.<\/span><\/p>\r\n\r\n\r\n\r\n<h2 class=\"wp-block-heading\">Derechos que tenemos sobre tu data<\/h2>\r\n\r\n\r\n\r\n<div id=\"tw-target-text-container\" class=\"tw-ta-container F0azHf tw-nfl\" tabindex=\"0\">\r\n<p id=\"tw-target-text\" class=\"tw-data-text tw-text-large tw-ta\" dir=\"ltr\" data-placeholder=\"Translation\"><span class=\"Y2IQFc\" lang=\"es\">Si tiene una cuenta en este sitio o ha dejado comentarios, puede solicitar recibir un archivo exportado de los datos personales que tenemos sobre usted, incluidos los datos que nos haya proporcionado. Tambi\u00e9n puede solicitar que eliminemos cualquier dato personal que tengamos sobre usted. Esto no incluye ning\u00fan dato que estemos obligados a conservar con fines administrativos, legales o de seguridad.<\/span><\/p>\r\n<\/div>\r\n\r\n\r\n\r\n<h2 class=\"wp-block-heading\">A d\u00f3nde enviamos tu data<\/h2>\r\n\r\n\r\n\r\n<p id=\"tw-target-text\" class=\"tw-data-text tw-text-large tw-ta\" dir=\"ltr\" data-placeholder=\"Translation\"><span class=\"Y2IQFc\" lang=\"es\">Los comentarios de los visitantes puede que los revise un servicio de detecci\u00f3n autom\u00e1tica de spam.<\/span><\/p>\r\n","protected":false},"excerpt":{"rendered":"<p>Quienes somos La direcci\u00f3n de nuestro sitio web es: https:\/\/industriasosbe.com Comentarios Cuando los visitantes dejan comentarios en el sitio, recopilamos los datos que se muestran en<span class=\"excerpt-hellip\"> [\u2026]<\/span><\/p>\n","protected":false},"author":1,"featured_media":0,"parent":0,"menu_order":0,"comment_status":"closed","ping_status":"open","template":"","meta":{"footnotes":""},"class_list":["post-970","page","type-page","status-publish","hentry"],"yoast_head":"<!-- This site is optimized with the Yoast SEO plugin v27.3 - https:\/\/yoast.com\/product\/yoast-seo-wordpress\/ -->\n<title>Industrias OSBE | Privacy policies<\/title>\n<meta name=\"description\" content=\"At Industrias OSBE we care about your privacy. Here we explain how we handle your data. We never sell your information.\" \/>\n<meta name=\"robots\" content=\"noindex, follow\" \/>\n<meta property=\"og:locale\" content=\"en_US\" \/>\n<meta property=\"og:type\" content=\"article\" \/>\n<meta property=\"og:title\" content=\"Industrias OSBE | Privacy policies\" \/>\n<meta property=\"og:description\" content=\"At Industrias OSBE we care about your privacy. Here we explain how we handle your data. We never sell your information.\" \/>\n<meta property=\"og:url\" content=\"https:\/\/industriasosbe.com\/en\/privacy-policy\/\" \/>\n<meta property=\"og:site_name\" content=\"Industrias OSBE\" \/>\n<meta property=\"article:modified_time\" content=\"2022-06-03T20:24:49+00:00\" \/>\n<meta name=\"twitter:card\" content=\"summary_large_image\" \/>\n<meta name=\"twitter:label1\" content=\"Est. reading time\" \/>\n\t<meta name=\"twitter:data1\" content=\"3 minutes\" \/>\n<script type=\"application\/ld+json\" class=\"yoast-schema-graph\">{\"@context\":\"https:\\\/\\\/schema.org\",\"@graph\":[{\"@type\":\"WebPage\",\"@id\":\"https:\\\/\\\/industriasosbe.com\\\/en\\\/privacy-policy\\\/\",\"url\":\"https:\\\/\\\/industriasosbe.com\\\/en\\\/privacy-policy\\\/\",\"name\":\"Industrias OSBE | Privacy policies\",\"isPartOf\":{\"@id\":\"https:\\\/\\\/industriasosbe.com\\\/en\\\/#website\"},\"datePublished\":\"2022-01-27T19:10:09+00:00\",\"dateModified\":\"2022-06-03T20:24:49+00:00\",\"description\":\"At Industrias OSBE we care about your privacy. Here we explain how we handle your data. We never sell your information.\",\"breadcrumb\":{\"@id\":\"https:\\\/\\\/industriasosbe.com\\\/en\\\/privacy-policy\\\/#breadcrumb\"},\"inLanguage\":\"en-US\",\"potentialAction\":[{\"@type\":\"ReadAction\",\"target\":[\"https:\\\/\\\/industriasosbe.com\\\/en\\\/privacy-policy\\\/\"]}]},{\"@type\":\"BreadcrumbList\",\"@id\":\"https:\\\/\\\/industriasosbe.com\\\/en\\\/privacy-policy\\\/#breadcrumb\",\"itemListElement\":[{\"@type\":\"ListItem\",\"position\":1,\"name\":\"Home\",\"item\":\"https:\\\/\\\/industriasosbe.com\\\/en\\\/\"},{\"@type\":\"ListItem\",\"position\":2,\"name\":\"Privacy policies\"}]},{\"@type\":\"WebSite\",\"@id\":\"https:\\\/\\\/industriasosbe.com\\\/en\\\/#website\",\"url\":\"https:\\\/\\\/industriasosbe.com\\\/en\\\/\",\"name\":\"Industrias OSBE\",\"description\":\"Cleaning products manufacturers\",\"publisher\":{\"@id\":\"https:\\\/\\\/industriasosbe.com\\\/en\\\/#organization\"},\"potentialAction\":[{\"@type\":\"SearchAction\",\"target\":{\"@type\":\"EntryPoint\",\"urlTemplate\":\"https:\\\/\\\/industriasosbe.com\\\/en\\\/?s={search_term_string}\"},\"query-input\":{\"@type\":\"PropertyValueSpecification\",\"valueRequired\":true,\"valueName\":\"search_term_string\"}}],\"inLanguage\":\"en-US\"},{\"@type\":\"Organization\",\"@id\":\"https:\\\/\\\/industriasosbe.com\\\/en\\\/#organization\",\"name\":\"Industrias OSBE\",\"url\":\"https:\\\/\\\/industriasosbe.com\\\/en\\\/\",\"logo\":{\"@type\":\"ImageObject\",\"inLanguage\":\"en-US\",\"@id\":\"https:\\\/\\\/industriasosbe.com\\\/en\\\/#\\\/schema\\\/logo\\\/image\\\/\",\"url\":\"https:\\\/\\\/industriasosbe.com\\\/wp-content\\\/uploads\\\/2022\\\/01\\\/logo-industrias-osbe.png\",\"contentUrl\":\"https:\\\/\\\/industriasosbe.com\\\/wp-content\\\/uploads\\\/2022\\\/01\\\/logo-industrias-osbe.png\",\"width\":490,\"height\":174,\"caption\":\"Industrias OSBE\"},\"image\":{\"@id\":\"https:\\\/\\\/industriasosbe.com\\\/en\\\/#\\\/schema\\\/logo\\\/image\\\/\"}}]}<\/script>\n<!-- \/ Yoast SEO plugin. -->","yoast_head_json":{"title":"Industrias OSBE | Privacy policies","description":"At Industrias OSBE we care about your privacy. Here we explain how we handle your data. We never sell your information.","robots":{"index":"noindex","follow":"follow"},"og_locale":"en_US","og_type":"article","og_title":"Industrias OSBE | Privacy policies","og_description":"At Industrias OSBE we care about your privacy. Here we explain how we handle your data. We never sell your information.","og_url":"https:\/\/industriasosbe.com\/en\/privacy-policy\/","og_site_name":"Industrias OSBE","article_modified_time":"2022-06-03T20:24:49+00:00","twitter_card":"summary_large_image","twitter_misc":{"Est. reading time":"3 minutes"},"schema":{"@context":"https:\/\/schema.org","@graph":[{"@type":"WebPage","@id":"https:\/\/industriasosbe.com\/en\/privacy-policy\/","url":"https:\/\/industriasosbe.com\/en\/privacy-policy\/","name":"Industrias OSBE | Privacy policies","isPartOf":{"@id":"https:\/\/industriasosbe.com\/en\/#website"},"datePublished":"2022-01-27T19:10:09+00:00","dateModified":"2022-06-03T20:24:49+00:00","description":"At Industrias OSBE we care about your privacy. Here we explain how we handle your data. We never sell your information.","breadcrumb":{"@id":"https:\/\/industriasosbe.com\/en\/privacy-policy\/#breadcrumb"},"inLanguage":"en-US","potentialAction":[{"@type":"ReadAction","target":["https:\/\/industriasosbe.com\/en\/privacy-policy\/"]}]},{"@type":"BreadcrumbList","@id":"https:\/\/industriasosbe.com\/en\/privacy-policy\/#breadcrumb","itemListElement":[{"@type":"ListItem","position":1,"name":"Home","item":"https:\/\/industriasosbe.com\/en\/"},{"@type":"ListItem","position":2,"name":"Privacy policies"}]},{"@type":"WebSite","@id":"https:\/\/industriasosbe.com\/en\/#website","url":"https:\/\/industriasosbe.com\/en\/","name":"Industrias OSBE","description":"Cleaning products manufacturers","publisher":{"@id":"https:\/\/industriasosbe.com\/en\/#organization"},"potentialAction":[{"@type":"SearchAction","target":{"@type":"EntryPoint","urlTemplate":"https:\/\/industriasosbe.com\/en\/?s={search_term_string}"},"query-input":{"@type":"PropertyValueSpecification","valueRequired":true,"valueName":"search_term_string"}}],"inLanguage":"en-US"},{"@type":"Organization","@id":"https:\/\/industriasosbe.com\/en\/#organization","name":"Industrias OSBE","url":"https:\/\/industriasosbe.com\/en\/","logo":{"@type":"ImageObject","inLanguage":"en-US","@id":"https:\/\/industriasosbe.com\/en\/#\/schema\/logo\/image\/","url":"https:\/\/industriasosbe.com\/wp-content\/uploads\/2022\/01\/logo-industrias-osbe.png","contentUrl":"https:\/\/industriasosbe.com\/wp-content\/uploads\/2022\/01\/logo-industrias-osbe.png","width":490,"height":174,"caption":"Industrias OSBE"},"image":{"@id":"https:\/\/industriasosbe.com\/en\/#\/schema\/logo\/image\/"}}]}},"_links":{"self":[{"href":"https:\/\/industriasosbe.com\/en\/wp-json\/wp\/v2\/pages\/970","targetHints":{"allow":["GET"]}}],"collection":[{"href":"https:\/\/industriasosbe.com\/en\/wp-json\/wp\/v2\/pages"}],"about":[{"href":"https:\/\/industriasosbe.com\/en\/wp-json\/wp\/v2\/types\/page"}],"author":[{"embeddable":true,"href":"https:\/\/industriasosbe.com\/en\/wp-json\/wp\/v2\/users\/1"}],"replies":[{"embeddable":true,"href":"https:\/\/industriasosbe.com\/en\/wp-json\/wp\/v2\/comments?post=970"}],"version-history":[{"count":1,"href":"https:\/\/industriasosbe.com\/en\/wp-json\/wp\/v2\/pages\/970\/revisions"}],"predecessor-version":[{"id":971,"href":"https:\/\/industriasosbe.com\/en\/wp-json\/wp\/v2\/pages\/970\/revisions\/971"}],"wp:attachment":[{"href":"https:\/\/industriasosbe.com\/en\/wp-json\/wp\/v2\/media?parent=970"}],"curies":[{"name":"wp","href":"https:\/\/api.w.org\/{rel}","templated":true}]}}